{"id":262,"date":"2026-03-03T11:02:28","date_gmt":"2026-03-03T11:02:28","guid":{"rendered":"https:\/\/eee4sd.web.ua.pt\/?page_id=262"},"modified":"2026-04-28T17:42:22","modified_gmt":"2026-04-28T17:42:22","slug":"forum-educacao-em-engenharia-2026","status":"publish","type":"page","link":"https:\/\/eee4sd.web.ua.pt\/?page_id=262","title":{"rendered":"F\u00f3rum Educa\u00e7\u00e3o em Engenharia, 2026"},"content":{"rendered":"\n<h2 class=\"wp-block-heading\">17 de junho, Universidade de Aveiro<\/h2>\n\n\n\n<p>No dia 17 de junho, a Universidade de Aveiro acolhe o F\u00f3rum Educa\u00e7\u00e3o em Engenharia &#8211; 10 anos (2006-2026), um espa\u00e7o de reflex\u00e3o e debate sobre o futuro da educa\u00e7\u00e3o em engenharia em Portugal e no espa\u00e7o Lus\u00f3fono.<\/p>\n\n\n\n<p>O evento re\u00fane decisores, estudantes, docentes, investigadores e representantes da ind\u00fastria para discutir os principais desafios, transforma\u00e7\u00f5es e perspectivas futuras nesta \u00e1rea.<\/p>\n\n\n\n<p>Integrado na semana &#8220;Engineering Education Research &amp; Action Week&#8221;, organizado pelo Departamento de Engenharia Mec\u00e2nica da Universidade de Aveiro, o F\u00f3rum antecede o SEFI Regional Event 2026, que ter\u00e1 lugar nos dias 18 e 19 de junho, tamb\u00e9m na Universidade de Aveiro.<\/p>\n\n\n\n<p><strong><mark style=\"background-color:#f3c3b4\" class=\"has-inline-color\">Inscri\u00e7\u00e3o:<\/mark><\/strong> <a href=\"https:\/\/forms.ua.pt\/index.php?r=survey\/index&amp;sid=588351&amp;lang=en\">https:\/\/forms.ua.pt\/index.php?r=survey\/index&amp;sid=588351&amp;lang=en<\/a><\/p>\n\n\n\n<div data-wp-interactive=\"core\/file\" class=\"wp-block-file\"><object data-wp-bind--hidden=\"!state.hasPdfPreview\" hidden class=\"wp-block-file__embed\" data=\"https:\/\/eee4sd.web.ua.pt\/wp-content\/uploads\/2026\/04\/website_Forum_27abr2026.pdf\" type=\"application\/pdf\" style=\"width:100%;height:600px\" aria-label=\"Incorpora\u00e7\u00e3o de website_Forum_27abr2026.\"><\/object><a id=\"wp-block-file--media-103cb1ed-f5d4-48ee-99eb-de42f4beebf7\" href=\"https:\/\/eee4sd.web.ua.pt\/wp-content\/uploads\/2026\/04\/website_Forum_27abr2026.pdf\">website_Forum_27abr2026<\/a><a href=\"https:\/\/eee4sd.web.ua.pt\/wp-content\/uploads\/2026\/04\/website_Forum_27abr2026.pdf\" class=\"wp-block-file__button wp-element-button\" download aria-describedby=\"wp-block-file--media-103cb1ed-f5d4-48ee-99eb-de42f4beebf7\">Descarregar<\/a><\/div>\n\n\n\n<p><\/p>\n","protected":false},"excerpt":{"rendered":"<p>17 de junho, Universidade de Aveiro No dia 17 de junho, a Universidade de Aveiro acolhe o F\u00f3rum Educa\u00e7\u00e3o em Engenharia &#8211; 10 anos (2006-2026), um espa\u00e7o de reflex\u00e3o e debate sobre o futuro da educa\u00e7\u00e3o em engenharia em Portugal e no espa\u00e7o Lus\u00f3fono. O evento re\u00fane decisores, estudantes, docentes, investigadores e representantes da ind\u00fastria [&hellip;]<\/p>\n","protected":false},"author":2,"featured_media":0,"parent":44,"menu_order":0,"comment_status":"closed","ping_status":"closed","template":"","meta":{"footnotes":""},"class_list":["post-262","page","type-page","status-publish","hentry"],"_links":{"self":[{"href":"https:\/\/eee4sd.web.ua.pt\/index.php?rest_route=\/wp\/v2\/pages\/262","targetHints":{"allow":["GET"]}}],"collection":[{"href":"https:\/\/eee4sd.web.ua.pt\/index.php?rest_route=\/wp\/v2\/pages"}],"about":[{"href":"https:\/\/eee4sd.web.ua.pt\/index.php?rest_route=\/wp\/v2\/types\/page"}],"author":[{"embeddable":true,"href":"https:\/\/eee4sd.web.ua.pt\/index.php?rest_route=\/wp\/v2\/users\/2"}],"replies":[{"embeddable":true,"href":"https:\/\/eee4sd.web.ua.pt\/index.php?rest_route=%2Fwp%2Fv2%2Fcomments&post=262"}],"version-history":[{"count":6,"href":"https:\/\/eee4sd.web.ua.pt\/index.php?rest_route=\/wp\/v2\/pages\/262\/revisions"}],"predecessor-version":[{"id":447,"href":"https:\/\/eee4sd.web.ua.pt\/index.php?rest_route=\/wp\/v2\/pages\/262\/revisions\/447"}],"up":[{"embeddable":true,"href":"https:\/\/eee4sd.web.ua.pt\/index.php?rest_route=\/wp\/v2\/pages\/44"}],"wp:attachment":[{"href":"https:\/\/eee4sd.web.ua.pt\/index.php?rest_route=%2Fwp%2Fv2%2Fmedia&parent=262"}],"curies":[{"name":"wp","href":"https:\/\/api.w.org\/{rel}","templated":true}]}}